{"id":9,"date":"2014-05-26T09:35:07","date_gmt":"2014-05-26T07:35:07","guid":{"rendered":"http:\/\/bbserwis.com.pl\/?page_id=9"},"modified":"2023-10-28T01:37:51","modified_gmt":"2023-10-27T23:37:51","slug":"swiatlowody-i-okablowanie-strukturalne","status":"publish","type":"page","link":"https:\/\/bbserwis.com.pl\/?page_id=9","title":{"rendered":"\u015awiat\u0142owody oraz sieci LAN"},"content":{"rendered":"<h1>\u015awiat\u0142owody<img loading=\"lazy\" decoding=\"async\" class=\"alignright size-medium wp-image-274\" src=\"https:\/\/bbserwis.com.pl\/wp-content\/uploads\/2018\/09\/Spawarka-300x225.jpg\" alt=\"\" width=\"300\" height=\"225\" srcset=\"https:\/\/bbserwis.com.pl\/wp-content\/uploads\/2018\/09\/Spawarka-300x225.jpg 300w, https:\/\/bbserwis.com.pl\/wp-content\/uploads\/2018\/09\/Spawarka-768x576.jpg 768w, https:\/\/bbserwis.com.pl\/wp-content\/uploads\/2018\/09\/Spawarka.jpg 1024w\" sizes=\"auto, (max-width: 300px) 100vw, 300px\" \/><\/h1>\n<p style=\"padding-left: 30px;\">\u00a0\u00a0\u00a0\u00a0 Nasza firma od wielu lat specjalizuje si\u0119 w tworzeniu i konserwacji niezawodnych po\u0142\u0105cze\u0144 \u015bwiat\u0142owodowych. W zale\u017cno\u015bci od potrzeb stosujemy po\u0142\u0105czenia jedno i wielo modowe. Posiadamy w\u0142asn\u0105 spawark\u0119 oraz wszelkie niezb\u0119dne narz\u0119dzia do przygotowania i zestawienia \u0142\u0105cza \u015bwiat\u0142owodowego.<\/p>\n<h1><\/h1>\n<h1>Okablowanie strukturalne<\/h1>\n<p style=\"padding-left: 30px;\">\u00a0\u00a0\u00a0\u00a0 Jest<a href=\"https:\/\/bbserwis.com.pl\/wp-content\/uploads\/2014\/05\/szafa.jpg\"><img loading=\"lazy\" decoding=\"async\" class=\"wp-image-97 size-medium alignleft\" src=\"https:\/\/bbserwis.com.pl\/wp-content\/uploads\/2014\/05\/szafa-e1415300038696-225x300.jpg\" alt=\"szafa\" width=\"225\" height=\"300\" srcset=\"https:\/\/bbserwis.com.pl\/wp-content\/uploads\/2014\/05\/szafa-e1415300038696-225x300.jpg 225w, https:\/\/bbserwis.com.pl\/wp-content\/uploads\/2014\/05\/szafa-e1415300038696-768x1024.jpg 768w, https:\/\/bbserwis.com.pl\/wp-content\/uploads\/2014\/05\/szafa-e1415300038696-187x250.jpg 187w, https:\/\/bbserwis.com.pl\/wp-content\/uploads\/2014\/05\/szafa-e1415300038696.jpg 1536w\" sizes=\"auto, (max-width: 225px) 100vw, 225px\" \/><\/a>e\u015bmy instalatorem okablowania strukturalnego . Ponad to specjalizujemy si\u0119 w projektowaniu i wykonywaniu r\u00f3\u017cnego rodzaju sieci \u015bwiat\u0142owodowych, teleinformatycznych i kontrolno pomiarowych.<\/p>\n<p style=\"padding-left: 30px; text-align: center;\"><strong>Zapraszamy do wsp\u00f3\u0142pracy<\/strong><\/p>\n","protected":false},"excerpt":{"rendered":"<p>\u015awiat\u0142owody \u00a0\u00a0\u00a0\u00a0 Nasza firma od wielu lat specjalizuje si\u0119 w tworzeniu i konserwacji niezawodnych po\u0142\u0105cze\u0144 \u015bwiat\u0142owodowych. W zale\u017cno\u015bci od potrzeb stosujemy po\u0142\u0105czenia jedno i wielo modowe. Posiadamy w\u0142asn\u0105 spawark\u0119 oraz wszelkie niezb\u0119dne narz\u0119dzia do przygotowania i zestawienia \u0142\u0105cza \u015bwiat\u0142owodowego. Okablowanie strukturalne \u00a0\u00a0\u00a0\u00a0 Jeste\u015bmy instalatorem okablowania strukturalnego . Ponad to specjalizujemy si\u0119 w projektowaniu i wykonywaniu<\/p><\/div>\n<div class=\"blog-btn\"><a href=\"https:\/\/bbserwis.com.pl\/?page_id=9\" class=\"home-blog-btn\">Read More<\/a><\/p>\n","protected":false},"author":1,"featured_media":0,"parent":0,"menu_order":0,"comment_status":"closed","ping_status":"closed","template":"template\/template-about.php","meta":{"footnotes":""},"class_list":["post-9","page","type-page","status-publish","hentry"],"_links":{"self":[{"href":"https:\/\/bbserwis.com.pl\/index.php?rest_route=\/wp\/v2\/pages\/9","targetHints":{"allow":["GET"]}}],"collection":[{"href":"https:\/\/bbserwis.com.pl\/index.php?rest_route=\/wp\/v2\/pages"}],"about":[{"href":"https:\/\/bbserwis.com.pl\/index.php?rest_route=\/wp\/v2\/types\/page"}],"author":[{"embeddable":true,"href":"https:\/\/bbserwis.com.pl\/index.php?rest_route=\/wp\/v2\/users\/1"}],"replies":[{"embeddable":true,"href":"https:\/\/bbserwis.com.pl\/index.php?rest_route=%2Fwp%2Fv2%2Fcomments&post=9"}],"version-history":[{"count":23,"href":"https:\/\/bbserwis.com.pl\/index.php?rest_route=\/wp\/v2\/pages\/9\/revisions"}],"predecessor-version":[{"id":388,"href":"https:\/\/bbserwis.com.pl\/index.php?rest_route=\/wp\/v2\/pages\/9\/revisions\/388"}],"wp:attachment":[{"href":"https:\/\/bbserwis.com.pl\/index.php?rest_route=%2Fwp%2Fv2%2Fmedia&parent=9"}],"curies":[{"name":"wp","href":"https:\/\/api.w.org\/{rel}","templated":true}]}}