{"id":363,"date":"2023-10-28T00:55:06","date_gmt":"2023-10-27T22:55:06","guid":{"rendered":"https:\/\/bbserwis.com.pl\/?page_id=363"},"modified":"2023-12-28T16:35:21","modified_gmt":"2023-12-28T15:35:21","slug":"asix","status":"publish","type":"page","link":"https:\/\/bbserwis.com.pl\/?page_id=363","title":{"rendered":"SCADA ASIX"},"content":{"rendered":"\n<div class=\"wp-block-group\"><div class=\"wp-block-group__inner-container is-layout-constrained wp-block-group-is-layout-constrained\">\n<div class=\"wp-block-columns is-layout-flex wp-container-core-columns-is-layout-9d6595d7 wp-block-columns-is-layout-flex\">\n<div class=\"wp-block-column is-layout-flow wp-block-column-is-layout-flow\" style=\"flex-basis:100%\">\n<figure class=\"wp-block-gallery has-nested-images columns-default is-cropped wp-block-gallery-1 is-layout-flex wp-block-gallery-is-layout-flex\">\n<figure class=\"wp-block-image size-large\"><a href=\"https:\/\/www.asix.com.pl\" target=\"_blank\" rel=\"noreferrer noopener\"><img loading=\"lazy\" decoding=\"async\" width=\"1024\" height=\"371\" data-id=\"368\" src=\"https:\/\/bbserwis.com.pl\/wp-content\/uploads\/2023\/10\/certyfikat_CSA_logo_wer_pozioma-1024x371.png\" alt=\"\" class=\"wp-image-368\" style=\"aspect-ratio:2.7601078167115904\" srcset=\"https:\/\/bbserwis.com.pl\/wp-content\/uploads\/2023\/10\/certyfikat_CSA_logo_wer_pozioma-1024x371.png 1024w, https:\/\/bbserwis.com.pl\/wp-content\/uploads\/2023\/10\/certyfikat_CSA_logo_wer_pozioma-300x109.png 300w, https:\/\/bbserwis.com.pl\/wp-content\/uploads\/2023\/10\/certyfikat_CSA_logo_wer_pozioma-768x278.png 768w, https:\/\/bbserwis.com.pl\/wp-content\/uploads\/2023\/10\/certyfikat_CSA_logo_wer_pozioma-1536x557.png 1536w, https:\/\/bbserwis.com.pl\/wp-content\/uploads\/2023\/10\/certyfikat_CSA_logo_wer_pozioma-2048x742.png 2048w\" sizes=\"auto, (max-width: 1024px) 100vw, 1024px\" \/><\/a><\/figure>\n\n\n\n<figure class=\"wp-block-image size-large\"><a href=\"https:\/\/www.askom.pl\/\" target=\"_blank\" rel=\"noreferrer noopener\"><img loading=\"lazy\" decoding=\"async\" width=\"1024\" height=\"374\" data-id=\"384\" src=\"https:\/\/bbserwis.com.pl\/wp-content\/uploads\/2023\/10\/ASKOM_logo_RGB-1024x374.png\" alt=\"\" class=\"wp-image-384\" srcset=\"https:\/\/bbserwis.com.pl\/wp-content\/uploads\/2023\/10\/ASKOM_logo_RGB-1024x374.png 1024w, https:\/\/bbserwis.com.pl\/wp-content\/uploads\/2023\/10\/ASKOM_logo_RGB-300x109.png 300w, https:\/\/bbserwis.com.pl\/wp-content\/uploads\/2023\/10\/ASKOM_logo_RGB-768x280.png 768w, https:\/\/bbserwis.com.pl\/wp-content\/uploads\/2023\/10\/ASKOM_logo_RGB.png 1225w\" sizes=\"auto, (max-width: 1024px) 100vw, 1024px\" \/><\/a><\/figure>\n<\/figure>\n<\/div>\n<\/div>\n<\/div><\/div>\n\n\n\n<p>Mamy status CERTYFIKOWANEGO SPECJALISTY ASIX potwierdzaj\u0105cy najwy\u017csze kompetencje w projektowaniu, wdra\u017caniu i wspieraniu przemys\u0142owych system\u00f3w IT na PLATFORMIE SCADA ASIX dla przedsi\u0119biorstw, proces\u00f3w, linii technologicznych, maszyn i urz\u0105dze\u0144.<\/p>\n\n\n\n<p>Mamy do\u015bwiadczenie w budowaniu opomiarowania oraz wizualizacji<\/p>\n\n\n\n<ul class=\"wp-block-list\">\n<li>Rozdzielni elektrycznych<\/li>\n\n\n\n<li>Kompresorowni<\/li>\n\n\n\n<li>Pompowni <\/li>\n\n\n\n<li>Rozdzielni ciep\u0142a <\/li>\n\n\n\n<li>System\u00f3w BMS<\/li>\n\n\n\n<li>oraz ca\u0142ych obiekt\u00f3w, zak\u0142ad\u00f3w.<\/li>\n<\/ul>\n\n\n\n<p><\/p>\n\n\n\n<figure class=\"wp-block-image size-large\"><a href=\"https:\/\/bbserwis.com.pl\/wp-content\/uploads\/2023\/10\/CertyfikatCSA.jpg\"><img decoding=\"async\" src=\"https:\/\/bbserwis.com.pl\/wp-content\/uploads\/2023\/10\/CertyfikatCSA-1024x725-1.jpg\" alt=\"Certyfikat CSA\"\/><\/a><\/figure>\n\n\n\n<div class=\"wp-block-columns is-layout-flex wp-container-core-columns-is-layout-9d6595d7 wp-block-columns-is-layout-flex\">\n<div class=\"wp-block-column is-layout-flow wp-block-column-is-layout-flow\" style=\"flex-basis:100%\">\n<figure class=\"wp-block-gallery has-nested-images columns-default is-cropped wp-block-gallery-2 is-layout-flex wp-block-gallery-is-layout-flex\">\n<figure class=\"wp-block-image size-large\"><a href=\"https:\/\/bbserwis.com.pl\/wp-content\/uploads\/2023\/12\/CertyfikatCSA-1024x725-1.jpg\"><img loading=\"lazy\" decoding=\"async\" width=\"1024\" height=\"725\" data-id=\"394\" src=\"https:\/\/bbserwis.com.pl\/wp-content\/uploads\/2023\/12\/CertyfikatCSA-1024x725-1.jpg\" alt=\"\" class=\"wp-image-394\" srcset=\"https:\/\/bbserwis.com.pl\/wp-content\/uploads\/2023\/12\/CertyfikatCSA-1024x725-1.jpg 1024w, https:\/\/bbserwis.com.pl\/wp-content\/uploads\/2023\/12\/CertyfikatCSA-1024x725-1-300x212.jpg 300w, https:\/\/bbserwis.com.pl\/wp-content\/uploads\/2023\/12\/CertyfikatCSA-1024x725-1-768x544.jpg 768w\" sizes=\"auto, (max-width: 1024px) 100vw, 1024px\" \/><\/a><\/figure>\n<\/figure>\n<\/div>\n<\/div>\n","protected":false},"excerpt":{"rendered":"<p>Mamy status CERTYFIKOWANEGO SPECJALISTY ASIX potwierdzaj\u0105cy najwy\u017csze kompetencje w projektowaniu, wdra\u017caniu i wspieraniu przemys\u0142owych system\u00f3w IT na PLATFORMIE SCADA ASIX dla przedsi\u0119biorstw, proces\u00f3w, linii technologicznych, maszyn i urz\u0105dze\u0144. Mamy do\u015bwiadczenie w budowaniu opomiarowania oraz wizualizacji<\/p>\n","protected":false},"author":2,"featured_media":0,"parent":0,"menu_order":0,"comment_status":"closed","ping_status":"closed","template":"","meta":{"footnotes":""},"class_list":["post-363","page","type-page","status-publish","hentry"],"_links":{"self":[{"href":"https:\/\/bbserwis.com.pl\/index.php?rest_route=\/wp\/v2\/pages\/363","targetHints":{"allow":["GET"]}}],"collection":[{"href":"https:\/\/bbserwis.com.pl\/index.php?rest_route=\/wp\/v2\/pages"}],"about":[{"href":"https:\/\/bbserwis.com.pl\/index.php?rest_route=\/wp\/v2\/types\/page"}],"author":[{"embeddable":true,"href":"https:\/\/bbserwis.com.pl\/index.php?rest_route=\/wp\/v2\/users\/2"}],"replies":[{"embeddable":true,"href":"https:\/\/bbserwis.com.pl\/index.php?rest_route=%2Fwp%2Fv2%2Fcomments&post=363"}],"version-history":[{"count":12,"href":"https:\/\/bbserwis.com.pl\/index.php?rest_route=\/wp\/v2\/pages\/363\/revisions"}],"predecessor-version":[{"id":395,"href":"https:\/\/bbserwis.com.pl\/index.php?rest_route=\/wp\/v2\/pages\/363\/revisions\/395"}],"wp:attachment":[{"href":"https:\/\/bbserwis.com.pl\/index.php?rest_route=%2Fwp%2Fv2%2Fmedia&parent=363"}],"curies":[{"name":"wp","href":"https:\/\/api.w.org\/{rel}","templated":true}]}}