{"id":2,"date":"2014-05-26T11:52:47","date_gmt":"2014-05-26T09:52:47","guid":{"rendered":"http:\/\/bbserwis.com.pl\/?page_id=2"},"modified":"2018-09-19T12:18:27","modified_gmt":"2018-09-19T10:18:27","slug":"przykladowa-strona","status":"publish","type":"page","link":"https:\/\/bbserwis.com.pl\/?page_id=2","title":{"rendered":"Informatyka"},"content":{"rendered":"<p style=\"text-align: left;\">\u00a0\u00a0\u00a0\u00a0 <strong>Bielbit Serwis<\/strong> &#8211; to firma dzia\u0142aj\u0105ca ju\u017c od kilkunastu lat na polskim rynku. \u015awiadczymy us\u0142ugi informatyczne o szerokim zakresie:<\/p>\n<ul>\n<li>dostawa i serwis sprz\u0119tu komputerowego<img loading=\"lazy\" decoding=\"async\" class=\"alignright wp-image-268\" src=\"https:\/\/bbserwis.com.pl\/wp-content\/uploads\/2018\/09\/computer-767776_1920-1024x683.jpg\" alt=\"Obrazek\" width=\"500\" height=\"333\" srcset=\"https:\/\/bbserwis.com.pl\/wp-content\/uploads\/2018\/09\/computer-767776_1920-1024x683.jpg 1024w, https:\/\/bbserwis.com.pl\/wp-content\/uploads\/2018\/09\/computer-767776_1920-300x200.jpg 300w, https:\/\/bbserwis.com.pl\/wp-content\/uploads\/2018\/09\/computer-767776_1920-768x512.jpg 768w, https:\/\/bbserwis.com.pl\/wp-content\/uploads\/2018\/09\/computer-767776_1920.jpg 1920w\" sizes=\"auto, (max-width: 500px) 100vw, 500px\" \/><\/li>\n<li>tworzenie oprogramowania i automatyki usprawniaj\u0105cej procesy produkcyjne i biurowe<\/li>\n<li>serwis i aktualizacje dzia\u0142aj\u0105cych rozwi\u0105za\u0144 w dziedzinie informatyki i automatyki<\/li>\n<li>dostawa sprz\u0119tu sieciowego<\/li>\n<li>tworzenie, zabezpieczenie i konserwacja rozwi\u0105za\u0144 bazodanowych<\/li>\n<li>zarz\u0105dzanie bezpiecze\u0144stwem system\u00f3w informatycznych<\/li>\n<li>archiwizacja i zabezpieczanie danych<\/li>\n<li>zarz\u0105dzanie Active Directory<\/li>\n<li>i wiele wi\u0119cej..<\/li>\n<\/ul>\n<p>&nbsp;<\/p>\n<p style=\"padding-left: 30px; text-align: center;\"><span style=\"text-decoration: underline;\"><em><strong>Do ka\u017cdego klienta podchodzimy indywidualnie w celu wypracowania jak najlepszych warunk\u00f3w wsp\u00f3\u0142pracy.<\/strong><\/em><\/span><\/p>\n<p>&nbsp;<\/p>\n<p style=\"text-align: center;\"><strong>Serdecznie zapraszamy do kontaktu.<\/strong><\/p>\n","protected":false},"excerpt":{"rendered":"<p>\u00a0\u00a0\u00a0\u00a0 Bielbit Serwis &#8211; to firma dzia\u0142aj\u0105ca ju\u017c od kilkunastu lat na polskim rynku. \u015awiadczymy us\u0142ugi informatyczne o szerokim zakresie: dostawa i serwis sprz\u0119tu komputerowego tworzenie oprogramowania i automatyki usprawniaj\u0105cej procesy produkcyjne i biurowe serwis i aktualizacje dzia\u0142aj\u0105cych rozwi\u0105za\u0144 w dziedzinie informatyki i automatyki dostawa sprz\u0119tu sieciowego tworzenie, zabezpieczenie i konserwacja rozwi\u0105za\u0144 bazodanowych zarz\u0105dzanie bezpiecze\u0144stwem<\/p><\/div>\n<div class=\"blog-btn\"><a href=\"https:\/\/bbserwis.com.pl\/?page_id=2\" class=\"home-blog-btn\">Read More<\/a><\/p>\n","protected":false},"author":1,"featured_media":0,"parent":0,"menu_order":0,"comment_status":"closed","ping_status":"closed","template":"template\/template-about.php","meta":{"footnotes":""},"class_list":["post-2","page","type-page","status-publish","hentry"],"_links":{"self":[{"href":"https:\/\/bbserwis.com.pl\/index.php?rest_route=\/wp\/v2\/pages\/2","targetHints":{"allow":["GET"]}}],"collection":[{"href":"https:\/\/bbserwis.com.pl\/index.php?rest_route=\/wp\/v2\/pages"}],"about":[{"href":"https:\/\/bbserwis.com.pl\/index.php?rest_route=\/wp\/v2\/types\/page"}],"author":[{"embeddable":true,"href":"https:\/\/bbserwis.com.pl\/index.php?rest_route=\/wp\/v2\/users\/1"}],"replies":[{"embeddable":true,"href":"https:\/\/bbserwis.com.pl\/index.php?rest_route=%2Fwp%2Fv2%2Fcomments&post=2"}],"version-history":[{"count":24,"href":"https:\/\/bbserwis.com.pl\/index.php?rest_route=\/wp\/v2\/pages\/2\/revisions"}],"predecessor-version":[{"id":273,"href":"https:\/\/bbserwis.com.pl\/index.php?rest_route=\/wp\/v2\/pages\/2\/revisions\/273"}],"wp:attachment":[{"href":"https:\/\/bbserwis.com.pl\/index.php?rest_route=%2Fwp%2Fv2%2Fmedia&parent=2"}],"curies":[{"name":"wp","href":"https:\/\/api.w.org\/{rel}","templated":true}]}}