{"id":11,"date":"2014-05-26T11:06:20","date_gmt":"2014-05-26T09:06:20","guid":{"rendered":"http:\/\/bbserwis.com.pl\/?page_id=11"},"modified":"2018-09-19T14:33:29","modified_gmt":"2018-09-19T12:33:29","slug":"monitoring-i-zabezpieczenia","status":"publish","type":"page","link":"https:\/\/bbserwis.com.pl\/?page_id=11","title":{"rendered":"Monitoring i zabezpieczenia"},"content":{"rendered":"<h1>Systemy alarmowe:<\/h1>\n<p style=\"padding-left: 30px;\">\u00a0\u00a0\u00a0 Je\u015bli potrzebujesz profesjonalnego i niezawodnego systemu alarmowego, to ta oferta jest skierowana w\u0142a\u015bnie do Ciebie. Zajmujemy si\u0119 instalacj\u0105, konfiguracj\u0105 i obs\u0142ug\u0105 zabezpiecze\u0144 renomowanej firmy Satel oraz Roger. Ci\u0105g\u0142y rozw\u00f3j i szeroka gama osprz\u0119tu obecnie umo\u017cliwia nie tylko zabezpieczenie mienia, ale i skorzystanie z wielu rozwi\u0105za\u0144 stosowanych w &#8222;inteligentnych domach&#8221;. Ca\u0142o\u015bci\u0105 mo\u017cemy zarz\u0105dza\u0107 przy pomocy telefonu lub komputera. Zapraszamy do zapoznania si\u0119 z pe\u0142n\u0105 ofert\u0105.<\/p>\n<h1><img loading=\"lazy\" decoding=\"async\" class=\"aligncenter wp-image-283 size-large\" src=\"https:\/\/bbserwis.com.pl\/wp-content\/uploads\/2018\/09\/Satel-1024x322.jpg\" alt=\"\" width=\"696\" height=\"219\" srcset=\"https:\/\/bbserwis.com.pl\/wp-content\/uploads\/2018\/09\/Satel-1024x322.jpg 1024w, https:\/\/bbserwis.com.pl\/wp-content\/uploads\/2018\/09\/Satel-300x94.jpg 300w, https:\/\/bbserwis.com.pl\/wp-content\/uploads\/2018\/09\/Satel-768x241.jpg 768w, https:\/\/bbserwis.com.pl\/wp-content\/uploads\/2018\/09\/Satel.jpg 1200w\" sizes=\"auto, (max-width: 696px) 100vw, 696px\" \/><\/h1>\n<h1>Ochrona PPO\u017b:<\/h1>\n<p style=\"padding-left: 30px;\">\u00a0 \u00a0\u00a0 Jeste\u015bmy instalatorem elektronicznych system\u00f3w przeciwpo\u017carowych. W naszej ofercie znajduj\u0105 si\u0119 takie pozycje jak:<\/p>\n<ul>\n<li>centrale ppo\u017c<img loading=\"lazy\" decoding=\"async\" class=\"alignright size-medium wp-image-280\" src=\"https:\/\/bbserwis.com.pl\/wp-content\/uploads\/2018\/09\/PrzyciskPozarowy-300x200.jpg\" alt=\"\" width=\"300\" height=\"200\" srcset=\"https:\/\/bbserwis.com.pl\/wp-content\/uploads\/2018\/09\/PrzyciskPozarowy-300x200.jpg 300w, https:\/\/bbserwis.com.pl\/wp-content\/uploads\/2018\/09\/PrzyciskPozarowy-768x512.jpg 768w, https:\/\/bbserwis.com.pl\/wp-content\/uploads\/2018\/09\/PrzyciskPozarowy-1024x682.jpg 1024w, https:\/\/bbserwis.com.pl\/wp-content\/uploads\/2018\/09\/PrzyciskPozarowy.jpg 1280w\" sizes=\"auto, (max-width: 300px) 100vw, 300px\" \/><\/li>\n<li>czujki dymu i gazu<\/li>\n<li>przyciski oddymiania<\/li>\n<li>przyciski odci\u0119cia zasilania<\/li>\n<li>stacje pogodowe<\/li>\n<\/ul>\n<h1>Monitoring audio &#8211; wizualny:<\/h1>\n<p style=\"padding-left: 30px;\">\u00a0\u00a0\u00a0\u00a0 W naszej ofercie znajduje si\u0119 szeroka gama rozwi\u0105za\u0144 rejestracji audiowizualnej. Polecamy kamery IP oraz rejestratory Qnap zapewniaj\u0105ce nagrania wysokiej jako\u015bci oraz niezawodno\u015b\u0107 dzia\u0142ania przez wiele lat.<\/p>\n<h1>Kontrola dost\u0119pu:<\/h1>\n<p style=\"padding-left: 30px;\">\u00a0\u00a0\u00a0\u00a0 Nasza firma specjalizuje si\u0119 w doborze, instalacji i konfiguracji system\u00f3w kontroli dost\u0119pu. Stosujemy czytniki wymagaj\u0105ce posiadania kart lub brelok\u00f3w zbli\u017ceniowych, kod\u00f3w pin, a tak\u017ce czytniki kontroluj\u0105ce parametry biometryczne u\u017cytkownik\u00f3w.<\/p>\n<p><img loading=\"lazy\" decoding=\"async\" class=\"aligncenter size-medium wp-image-278\" src=\"https:\/\/bbserwis.com.pl\/wp-content\/uploads\/2018\/09\/kd-300x200.jpg\" alt=\"\" width=\"300\" height=\"200\" srcset=\"https:\/\/bbserwis.com.pl\/wp-content\/uploads\/2018\/09\/kd-300x200.jpg 300w, https:\/\/bbserwis.com.pl\/wp-content\/uploads\/2018\/09\/kd-768x512.jpg 768w, https:\/\/bbserwis.com.pl\/wp-content\/uploads\/2018\/09\/kd-1024x682.jpg 1024w, https:\/\/bbserwis.com.pl\/wp-content\/uploads\/2018\/09\/kd.jpg 1280w\" sizes=\"auto, (max-width: 300px) 100vw, 300px\" \/><\/p>\n<h1>Monitorowanie czasu pracy RCP:<\/h1>\n<p style=\"padding-left: 30px;\">\u00a0\u00a0\u00a0\u00a0\u00a0 Klientom potrzebuj\u0105cym rejestrowa\u0107 czas pracy pracownik\u00f3w, zapewniamy dost\u0119p do takich rozwi\u0105za\u0144, oraz oferujemy pomoc w integracji system\u00f3w\u00a0 RCP z programami p\u0142acowymi wspieraj\u0105cymi taka funkcjonalno\u015b\u0107.<\/p>\n<p style=\"text-align: center;\"><strong>Zapraszamy do kontaktu w celu zapoznania si\u0119 z pe\u0142n\u0105 ofert\u0105 naszej firmy.<\/strong><\/p>\n<p style=\"padding-left: 30px;\">\n","protected":false},"excerpt":{"rendered":"<p>Systemy alarmowe: \u00a0\u00a0\u00a0 Je\u015bli potrzebujesz profesjonalnego i niezawodnego systemu alarmowego, to ta oferta jest skierowana w\u0142a\u015bnie do Ciebie. Zajmujemy si\u0119 instalacj\u0105, konfiguracj\u0105 i obs\u0142ug\u0105 zabezpiecze\u0144 renomowanej firmy Satel oraz Roger. Ci\u0105g\u0142y rozw\u00f3j i szeroka gama osprz\u0119tu obecnie umo\u017cliwia nie tylko zabezpieczenie mienia, ale i skorzystanie z wielu rozwi\u0105za\u0144 stosowanych w &#8222;inteligentnych domach&#8221;. Ca\u0142o\u015bci\u0105 mo\u017cemy zarz\u0105dza\u0107<\/p><\/div>\n<div class=\"blog-btn\"><a href=\"https:\/\/bbserwis.com.pl\/?page_id=11\" class=\"home-blog-btn\">Read More<\/a><\/p>\n","protected":false},"author":1,"featured_media":0,"parent":0,"menu_order":0,"comment_status":"closed","ping_status":"closed","template":"template\/template-about.php","meta":{"footnotes":""},"class_list":["post-11","page","type-page","status-publish","hentry"],"_links":{"self":[{"href":"https:\/\/bbserwis.com.pl\/index.php?rest_route=\/wp\/v2\/pages\/11","targetHints":{"allow":["GET"]}}],"collection":[{"href":"https:\/\/bbserwis.com.pl\/index.php?rest_route=\/wp\/v2\/pages"}],"about":[{"href":"https:\/\/bbserwis.com.pl\/index.php?rest_route=\/wp\/v2\/types\/page"}],"author":[{"embeddable":true,"href":"https:\/\/bbserwis.com.pl\/index.php?rest_route=\/wp\/v2\/users\/1"}],"replies":[{"embeddable":true,"href":"https:\/\/bbserwis.com.pl\/index.php?rest_route=%2Fwp%2Fv2%2Fcomments&post=11"}],"version-history":[{"count":13,"href":"https:\/\/bbserwis.com.pl\/index.php?rest_route=\/wp\/v2\/pages\/11\/revisions"}],"predecessor-version":[{"id":285,"href":"https:\/\/bbserwis.com.pl\/index.php?rest_route=\/wp\/v2\/pages\/11\/revisions\/285"}],"wp:attachment":[{"href":"https:\/\/bbserwis.com.pl\/index.php?rest_route=%2Fwp%2Fv2%2Fmedia&parent=11"}],"curies":[{"name":"wp","href":"https:\/\/api.w.org\/{rel}","templated":true}]}}